{"id":107490,"date":"2020-02-27T19:16:15","date_gmt":"2020-02-27T18:16:15","guid":{"rendered":"https:\/\/www.boardlife.se\/?post_type=product&#038;p=107490"},"modified":"2022-02-23T10:08:21","modified_gmt":"2022-02-23T09:08:21","slug":"blood-orange-liam-morgan-pro-black-thane-65mm-82a","status":"publish","type":"product","link":"https:\/\/www.boardlife.se\/en\/shop\/longboard\/longboard-components\/longboard-wheels\/blood-orange-liam-morgan-pro-black-thane-65mm-82a\/","title":{"rendered":"Blood Orange Liam Morgan Pro Black Thane 65mm 82a"},"content":{"rendered":"<div>\n<p>Whether you&#039;re looking for a safe and stable freeride wheel or just something to paint your favorite slope out there, the Blood Orange Liam Morgan Pro Series wheels are for you. Available in 65 and 70mm. The wheel core is designed to maintain stability in the slide. With the smaller 65mm variant, it&#039;s a little easier to start your slide at a slightly lower speed or with less force. But once you&#039;ve put the board in a slide, the feeling is pretty much the same regardless. The black wheel is supposed to give a darker <a class=\"glossaryLink cmtt_&Aring;kning\" aria-describedby=\"tt\" data-cmtooltip=\"&lt;div class=glossaryItemTitle&gt;Thane Lines&lt;\/div&gt;&lt;div class=glossaryItemBody&gt;Linjerna du ritar p&aring; asfalten med dina hjul n&auml;r du slidear. Begreppet &auml;r en f&ouml;rkortning av Urethane som &auml;r sj&auml;lva materialblandningen i hjulen.&lt;\/div&gt;&lt;div class=glossaryTooltipMoreLinkWrapper&gt;&lt;a class=glossaryTooltipMoreLink href=https:\/\/www.boardlife.se\/en\/glossary\/thane-lines\/ &gt;L&auml;s mer&lt;\/a&gt;&lt;\/div&gt;\" href=\"https:\/\/www.boardlife.se\/en\/glossary\/thane-lines\/\" data-mobile-support=\"0\" data-gt-translate-attributes='[{\"attribute\":\"data-cmtooltip\", \"format\":\"html\"}]'>thane lines<\/a> &auml;n vad de &ouml;vriga i serien ger. Oavsett f&auml;rgen p&aring; dem s&aring; &auml;r detta hjul gjort f&ouml;r att slidea med. Med en sk&ouml;n <a class=\"glossaryLink cmtt_Komponenter cmtt_&Aring;kning\" aria-describedby=\"tt\" data-cmtooltip=\"&lt;div class=glossaryItemTitle&gt;Release Point&lt;\/div&gt;&lt;div class=glossaryItemBody&gt;Den punkt d&aring; dina hjul sl&auml;pper fr&aring;n sitt grepp och b&ouml;rjar slidea. Denna punkt infaller olika tidigt beroende p&aring; hjulets utformning och egenskaper. &lt;\/div&gt;&lt;div class=glossaryTooltipMoreLinkWrapper&gt;&lt;a class=glossaryTooltipMoreLink href=https:\/\/www.boardlife.se\/en\/glossary\/release-point\/ &gt;L&auml;s mer&lt;\/a&gt;&lt;\/div&gt;\" href=\"https:\/\/www.boardlife.se\/en\/glossary\/release-point\/\" data-mobile-support=\"0\" data-gt-translate-attributes='[{\"attribute\":\"data-cmtooltip\", \"format\":\"html\"}]'>release point<\/a> och smidig <a class=\"glossaryLink cmtt_&Aring;kning\" aria-describedby=\"tt\" data-cmtooltip=\"&lt;div class=glossaryItemTitle&gt;Hookup&lt;\/div&gt;&lt;div class=glossaryItemBody&gt;Hookup &auml;r den punkt d&aring; ett hjul &aring;terf&aring;r greppet igen efter en slide. &lt;\/div&gt;&lt;div class=cmtt_synonyms_wrapper&gt;&lt;div class=cmtt_synonyms_title&gt;Synonymer: &lt;\/div&gt;&lt;div class=cmtt_synonyms&gt;Hooka&lt;\/div&gt;&lt;\/div&gt;&lt;div class=glossaryTooltipMoreLinkWrapper&gt;&lt;a class=glossaryTooltipMoreLink href=https:\/\/www.boardlife.se\/en\/glossary\/hookup\/ &gt;L&auml;s mer&lt;\/a&gt;&lt;\/div&gt;\" href=\"https:\/\/www.boardlife.se\/en\/glossary\/hookup\/\" data-mobile-support=\"0\" data-gt-translate-attributes='[{\"attribute\":\"data-cmtooltip\", \"format\":\"html\"}]'>hookup<\/a> har du ett hjul som kommer ge dig fina f&ouml;ruts&auml;ttningar i backen fram&ouml;ver.<\/p>\n<\/div>","protected":false},"excerpt":{"rendered":"<p>Liam Morgans Pro hjul fr\u00e5n Blood Orange i 65mm. Utformade f\u00f6r att ge trygg och stabil slide f\u00f6r en flexibel typ av \u00e5kning. En slide d\u00e4r du har full kontroll och inte ska r\u00e5ka ut f\u00f6r att det &#8220;isar ut&#8221; f\u00f6r dig. Eftersom han \u00e4r en kr\u00e4sen \u00e5kare lever hjulen verkligen upp till sina f\u00f6rv\u00e4ntningar. Den rundade kanten g\u00f6r att du f\u00e5r en smidig release point och soft hookup om du skickar iv\u00e4g dem p\u00e5 en slide.<\/p>","protected":false},"featured_media":107487,"comment_status":"open","ping_status":"closed","template":"","meta":[],"product_brand":[2536],"product_cat":[38],"product_tag":[1388,2482,2411,1759],"class_list":{"0":"post-107490","1":"product","2":"type-product","3":"status-publish","4":"has-post-thumbnail","6":"product_brand-blood-orange","7":"product_cat-wheels-longboard","8":"product_tag-blood-orange","9":"product_tag-dancing-freestyle","10":"product_tag-freeride-sliding","11":"product_tag-sliding","12":"pa_diameter-65mm","13":"pa_durometer-82a","14":"pa_hub-placering-offset","15":"pa_kontaktyta-31mm","16":"pa_manufacturer-blood-orange","17":"pa_wheel-shape-rounded","19":"first","20":"instock","21":"taxable","22":"shipping-taxable","23":"purchasable","24":"product-type-simple"},"composite_virtual":false,"composite_layout":"","composite_add_to_cart_form_location":"","composite_editable_in_cart":false,"composite_sold_individually_context":"","composite_shop_price_calc":"","composite_components":[],"composite_scenarios":[],"jetpack_sharing_enabled":true,"_links":{"self":[{"href":"https:\/\/www.boardlife.se\/en\/wp-json\/wp\/v2\/product\/107490","targetHints":{"allow":["GET"]}}],"collection":[{"href":"https:\/\/www.boardlife.se\/en\/wp-json\/wp\/v2\/product"}],"about":[{"href":"https:\/\/www.boardlife.se\/en\/wp-json\/wp\/v2\/types\/product"}],"replies":[{"embeddable":true,"href":"https:\/\/www.boardlife.se\/en\/wp-json\/wp\/v2\/comments?post=107490"}],"wp:featuredmedia":[{"embeddable":true,"href":"https:\/\/www.boardlife.se\/en\/wp-json\/wp\/v2\/media\/107487"}],"wp:attachment":[{"href":"https:\/\/www.boardlife.se\/en\/wp-json\/wp\/v2\/media?parent=107490"}],"wp:term":[{"taxonomy":"product_brand","embeddable":true,"href":"https:\/\/www.boardlife.se\/en\/wp-json\/wp\/v2\/product_brand?post=107490"},{"taxonomy":"product_cat","embeddable":true,"href":"https:\/\/www.boardlife.se\/en\/wp-json\/wp\/v2\/product_cat?post=107490"},{"taxonomy":"product_tag","embeddable":true,"href":"https:\/\/www.boardlife.se\/en\/wp-json\/wp\/v2\/product_tag?post=107490"}],"curies":[{"name":"wp","href":"https:\/\/api.w.org\/{rel}","templated":true}]}}