{"id":81966,"date":"2019-10-12T12:37:01","date_gmt":"2019-10-12T10:37:01","guid":{"rendered":"https:\/\/www.boardlife.se\/?page_id=81966"},"modified":"2019-10-12T15:17:00","modified_gmt":"2019-10-12T13:17:00","slug":"electric-longboard-service","status":"publish","type":"page","link":"https:\/\/www.boardlife.se\/en\/electric-longboard-service\/","title":{"rendered":"Electric Longboard Service"},"content":{"rendered":"<p>When riding electric longboards, there can be a lot of extra things to think about when it comes to service. There are more parts that can go wrong, and it can be nice to know how to troubleshoot and fix any problems yourself. We have posted a lot of educational videos to make things easier for you. We will be adding more videos as we go.<\/p>\n<p>Currently, we have a number of different brands when it comes to electric longboards and below you can navigate to the brand you wish to see more guides from.<\/p>\n<p>Boosted (guides coming soon)<br>\n<span style=\"text-decoration: underline;\"><strong><a href=\"https:\/\/www.boardlife.se\/en\/electric-longboard-service\/exway\/?wmc-currency=SEK\">Exway<\/a><\/strong><\/span><br>\nKoowheel (guides coming soon)<\/p>","protected":false},"excerpt":{"rendered":"<p>N\u00e4r man rullar p\u00e5 elektriska longboards kan det vara en del extra att t\u00e4nka p\u00e5 n\u00e4r det kommer till service. Det \u00e4r fler delar som kan strula och d\u00e5 kan det vara sk\u00f6nt att veta hur du ska fels\u00f6ka och p\u00e5 egen hand kunna \u00e5tg\u00e4rda eventuellt strul. Vi har lagt upp en hel del pedagogiska filmklipp f\u00f6r att g\u00f6ra saken [&hellip;]<\/p>","protected":false},"author":3,"featured_media":0,"parent":0,"menu_order":0,"comment_status":"closed","ping_status":"closed","template":"","meta":{"footnotes":""},"yst_prominent_words":[],"class_list":["post-81966","page","type-page","status-publish","hentry"],"jetpack_sharing_enabled":true,"_links":{"self":[{"href":"https:\/\/www.boardlife.se\/en\/wp-json\/wp\/v2\/pages\/81966","targetHints":{"allow":["GET"]}}],"collection":[{"href":"https:\/\/www.boardlife.se\/en\/wp-json\/wp\/v2\/pages"}],"about":[{"href":"https:\/\/www.boardlife.se\/en\/wp-json\/wp\/v2\/types\/page"}],"author":[{"embeddable":true,"href":"https:\/\/www.boardlife.se\/en\/wp-json\/wp\/v2\/users\/3"}],"replies":[{"embeddable":true,"href":"https:\/\/www.boardlife.se\/en\/wp-json\/wp\/v2\/comments?post=81966"}],"version-history":[{"count":0,"href":"https:\/\/www.boardlife.se\/en\/wp-json\/wp\/v2\/pages\/81966\/revisions"}],"wp:attachment":[{"href":"https:\/\/www.boardlife.se\/en\/wp-json\/wp\/v2\/media?parent=81966"}],"wp:term":[{"taxonomy":"yst_prominent_words","embeddable":true,"href":"https:\/\/www.boardlife.se\/en\/wp-json\/wp\/v2\/yst_prominent_words?post=81966"}],"curies":[{"name":"wp","href":"https:\/\/api.w.org\/{rel}","templated":true}]}}