{"id":48004,"date":"2017-08-08T19:12:13","date_gmt":"2017-08-08T17:12:13","guid":{"rendered":"http:\/\/www.boardlife.se\/?page_id=48004"},"modified":"2017-08-08T19:12:13","modified_gmt":"2017-08-08T17:12:13","slug":"deck","status":"publish","type":"page","link":"https:\/\/www.boardlife.se\/en\/guides\/skateboarding-guide\/deck\/","title":{"rendered":"Deck"},"content":{"rendered":"<p>[spb_row element_name=&#8221;Row&#8221; wrap_type=&#8221;content-width&#8221; parallax_image_height=&#8221;content-height&#8221; parallax_image_movement=&#8221;fixed&#8221; parallax_image_speed=&#8221;0.5&#8243; bg_video_loop=&#8221;yes&#8221; parallax_video_height=&#8221;window-height&#8221; parallax_video_overlay=&#8221;none&#8221; row_overlay_opacity=&#8221;0&#8243; row_col_pos=&#8221;default&#8221; width=&#8221;1\/1&#8243; el_position=&#8221;first last&#8221;] [spb_message color=&#8221;alert-info&#8221; width=&#8221;1\/1&#8243; el_position=&#8221;first last&#8221;]<\/p>\n<p>The deck\/board guide is currently under construction. It will soon be supplemented with more information. But maybe you will find some answers to your questions or concerns already now.<\/p>\n<p>[\/spb_message] [spb_blank_spacer height=&#8221;30px&#8221; width=&#8221;1\/1&#8243; el_position=&#8221;first last&#8221;] [spb_column col_sm=&#8221;6&#8243; padding_horizontal=&#8221;0&#8243; width=&#8221;1\/2&#8243; el_position=&#8221;first&#8221;] [spb_text_block element_name=&#8221;Br\u00e4dans dimensioner&#8221; animation=&#8221;none&#8221; animation_delay=&#8221;0&#8243; simplified_controls=&#8221;no&#8221; custom_css_percentage=&#8221;no&#8221; padding_vertical=&#8221;0&#8243; padding_horizontal=&#8221;0&#8243; margin_vertical=&#8221;0&#8243; custom_css=&#8221;margin-bottom: 0px;&#8221; border_size=&#8221;0&#8243; border_styling_global=&#8221;default&#8221; width=&#8221;1\/1&#8243; el_position=&#8221;first last&#8221;]<\/p>\n<h2>Board dimensions<\/h2>\n<div>A board is measured in many more ways than just width and length. To the untrained eye, most boards can look very similar. But once you get started riding, you&#039;ll realize that small differences in dimensions and construction can make a big difference.<\/div>\n<p>[\/spb_text_block] [\/spb_column] [spb_column col_sm=&#8221;6&#8243; col_animation=&#8221;none&#8221; col_animation_delay=&#8221;0&#8243; col_bg_type=&#8221;cover&#8221; col_parallax_image_movement=&#8221;fixed&#8221; col_parallax_image_speed=&#8221;0.5&#8243; col_padding=&#8221;0&#8243; col_vertical_offset=&#8221;40&#8243; col_horizontal_offset=&#8221;0&#8243; col_custom_zindex=&#8221;0&#8243; simplified_controls=&#8221;yes&#8221; custom_css_percentage=&#8221;no&#8221; padding_vertical=&#8221;400&#8243; padding_horizontal=&#8221;0&#8243; margin_vertical=&#8221;0&#8243; custom_css=&#8221;margin-top: 0px;margin-bottom: 0px;&#8221; border_styling_global=&#8221;default&#8221; width=&#8221;1\/2&#8243; el_position=&#8221;last&#8221;] [spb_image image=&#8221;48015&#8243; image_size=&#8221;full&#8221; frame=&#8221;noframe&#8221; caption_pos=&#8221;below&#8221; remove_rounded=&#8221;yes&#8221; fullwidth=&#8221;no&#8221; overflow_mode=&#8221;none&#8221; link_target=&#8221;_self&#8221; lightbox=&#8221;no&#8221; intro_animation=&#8221;none&#8221; animation_delay=&#8221;200&#8243; width=&#8221;1\/1&#8243; el_position=&#8221;first last&#8221;][\/spb_image] [\/spb_column] [spb_boxed_content title=&#8221;BRA ATT VETA&#8221; type=&#8221;whitestroke&#8221; custom_text_colour=&#8221;#4f4f4f&#8221; box_link_target=&#8221;_self&#8221; padding_vertical=&#8221;3&#8243; padding_horizontal=&#8221;3&#8243; width=&#8221;1\/1&#8243; el_position=&#8221;first last&#8221;]<\/p>\n<p>The measurements below can be seen as recommendations. They are also adapted for a person of normal height. If you are shorter or taller than the average, you can take this into account when choosing your deck.<\/p>\n<p>[\/spb_boxed_content] [spb_blank_spacer height=&#8221;30px&#8221; width=&#8221;1\/1&#8243; el_position=&#8221;first last&#8221;] [spb_column col_sm=&#8221;6&#8243; padding_horizontal=&#8221;0&#8243; width=&#8221;1\/2&#8243; el_position=&#8221;first&#8221;] [\/spb_column] [spb_column col_sm=&#8221;6&#8243; col_animation=&#8221;none&#8221; col_animation_delay=&#8221;0&#8243; col_bg_type=&#8221;cover&#8221; col_parallax_image_movement=&#8221;fixed&#8221; col_parallax_image_speed=&#8221;0.5&#8243; col_padding=&#8221;0&#8243; col_vertical_offset=&#8221;40&#8243; col_horizontal_offset=&#8221;0&#8243; col_custom_zindex=&#8221;0&#8243; simplified_controls=&#8221;yes&#8221; custom_css_percentage=&#8221;no&#8221; padding_vertical=&#8221;400&#8243; padding_horizontal=&#8221;0&#8243; margin_vertical=&#8221;0&#8243; custom_css=&#8221;margin-top: 0px;margin-bottom: 0px;&#8221; border_styling_global=&#8221;default&#8221; width=&#8221;1\/2&#8243; el_position=&#8221;last&#8221;] [\/spb_column] [spb_text_block element_name=&#8221;Street Skate&#8221; animation=&#8221;none&#8221; animation_delay=&#8221;0&#8243; simplified_controls=&#8221;yes&#8221; custom_css_percentage=&#8221;no&#8221; padding_vertical=&#8221;0&#8243; padding_horizontal=&#8221;0&#8243; margin_vertical=&#8221;0&#8243; custom_css=&#8221;margin-top: 0px;margin-bottom: 0px;&#8221; border_size=&#8221;0&#8243; border_styling_global=&#8221;default&#8221; width=&#8221;1\/3&#8243; el_position=&#8221;first&#8221;]<\/p>\n<h1>7.5\u2033 \u2013 8.25\u2033<\/h1>\n<h3>STREET SKATING<\/h3>\n<p>For those who focus on street skating, you need a board that you can feel agile on. Street is about being creative and adapting your surroundings to a place for skating and new challenges. Stairs, rails and many other fixed obstacles that exist.<\/p>\n<p>This in turn means that you want a board with low weight and that is not too heavy or big to rotate or flip. Especially since there are usually small margins to manage as many or tight tricks as possible. A deck that is between 7.5\u2033 and 8.25\u2033 is better suited for Street boards.<\/p>\n<p>[\/spb_text_block] [spb_text_block element_name=&#8221;Allround skate&#8221; animation=&#8221;none&#8221; animation_delay=&#8221;0&#8243; simplified_controls=&#8221;yes&#8221; custom_css_percentage=&#8221;no&#8221; padding_vertical=&#8221;0&#8243; padding_horizontal=&#8221;0&#8243; margin_vertical=&#8221;0&#8243; custom_css=&#8221;margin-top: 0px;margin-bottom: 0px;&#8221; border_size=&#8221;0&#8243; border_styling_global=&#8221;default&#8221; width=&#8221;1\/3&#8243;]<\/p>\n<h1 style=\"text-align: left;\">8.0\u2033 \u2013 8.38\u2033<\/h1>\n<h3 style=\"text-align: left;\">ALL-ROUND SKATE<\/h3>\n<p>Of course, it is possible to do both types of skiing with all decks, but it is different in difficulty. If you know that you will only do one type of skiing, you can focus on the recommendations.<\/p>\n<p>For those of you who want to be able to do mixed skiing but don&#039;t have much previous experience, a deck in between is probably preferable. That is, 8.0\u2033 \u2013 8.38\u2033. If you have larger feet or are tall, you can go for the upper part of the range and vice versa if you are shorter.<\/p>\n<p>[\/spb_text_block] [spb_text_block element_name=&#8221;Transition skate&#8221; animation=&#8221;none&#8221; animation_delay=&#8221;0&#8243; simplified_controls=&#8221;yes&#8221; custom_css_percentage=&#8221;no&#8221; padding_vertical=&#8221;0&#8243; padding_horizontal=&#8221;0&#8243; margin_vertical=&#8221;0&#8243; custom_css=&#8221;margin-top: 0px;margin-bottom: 0px;&#8221; border_size=&#8221;0&#8243; border_styling_global=&#8221;default&#8221; width=&#8221;1\/3&#8243; el_position=&#8221;last&#8221;]<\/p>\n<h1>+8.38&#8243;<\/h1>\n<h3>TRANSITION SKATE<\/h3>\n<p>Transition skating is a collective term for the type of skating that usually involves vertical skating. It can be walls, ramps, pools, bowls and skate parks where you strive to be at a 90\u00b0 angle from the ground or more. Most skate parks offer great opportunities for transition skating.<\/p>\n<p>This type of skating usually involves higher speeds than street skating, so it can be easier to use a wider and more stable deck. This makes it easier to keep your feet on the board. For those who mostly do this type of skating, an 8.38\u2033 deck is preferable.<\/p>\n<p>[\/spb_text_block] [spb_blank_spacer height=&#8221;30px&#8221; width=&#8221;1\/1&#8243; el_position=&#8221;first last&#8221;] [\/spb_row]<\/p>","protected":false},"excerpt":{"rendered":"<p>[spb_row element_name=&#8221;Row&#8221; wrap_type=&#8221;content-width&#8221; parallax_image_height=&#8221;content-height&#8221; parallax_image_movement=&#8221;fixed&#8221; parallax_image_speed=&#8221;0.5&#8243; bg_video_loop=&#8221;yes&#8221; parallax_video_height=&#8221;window-height&#8221; parallax_video_overlay=&#8221;none&#8221; row_overlay_opacity=&#8221;0&#8243; row_col_pos=&#8221;default&#8221; width=&#8221;1\/1&#8243; el_position=&#8221;first last&#8221;] [spb_message color=&#8221;alert-info&#8221; width=&#8221;1\/1&#8243; el_position=&#8221;first last&#8221;] Just nu \u00e4r deck\/br\u00e4dguiden under uppbyggnad. Den kommer snart att kompletteras med mer info. Men kanske hittar du n\u00e5gra svar p\u00e5 dina fr\u00e5gor eller funderingar redan nu. [\/spb_message] [spb_blank_spacer height=&#8221;30px&#8221; width=&#8221;1\/1&#8243; el_position=&#8221;first last&#8221;] [spb_column col_sm=&#8221;6&#8243; padding_horizontal=&#8221;0&#8243; width=&#8221;1\/2&#8243; el_position=&#8221;first&#8221;] [spb_text_block element_name=&#8221;Br\u00e4dans dimensioner&#8221; [&hellip;]<\/p>","protected":false},"author":2,"featured_media":0,"parent":47785,"menu_order":0,"comment_status":"closed","ping_status":"closed","template":"","meta":{"footnotes":""},"yst_prominent_words":[],"class_list":["post-48004","page","type-page","status-publish","hentry"],"jetpack_sharing_enabled":true,"_links":{"self":[{"href":"https:\/\/www.boardlife.se\/en\/wp-json\/wp\/v2\/pages\/48004","targetHints":{"allow":["GET"]}}],"collection":[{"href":"https:\/\/www.boardlife.se\/en\/wp-json\/wp\/v2\/pages"}],"about":[{"href":"https:\/\/www.boardlife.se\/en\/wp-json\/wp\/v2\/types\/page"}],"author":[{"embeddable":true,"href":"https:\/\/www.boardlife.se\/en\/wp-json\/wp\/v2\/users\/2"}],"replies":[{"embeddable":true,"href":"https:\/\/www.boardlife.se\/en\/wp-json\/wp\/v2\/comments?post=48004"}],"version-history":[{"count":0,"href":"https:\/\/www.boardlife.se\/en\/wp-json\/wp\/v2\/pages\/48004\/revisions"}],"up":[{"embeddable":true,"href":"https:\/\/www.boardlife.se\/en\/wp-json\/wp\/v2\/pages\/47785"}],"wp:attachment":[{"href":"https:\/\/www.boardlife.se\/en\/wp-json\/wp\/v2\/media?parent=48004"}],"wp:term":[{"taxonomy":"yst_prominent_words","embeddable":true,"href":"https:\/\/www.boardlife.se\/en\/wp-json\/wp\/v2\/yst_prominent_words?post=48004"}],"curies":[{"name":"wp","href":"https:\/\/api.w.org\/{rel}","templated":true}]}}